{"id":84,"date":"2018-09-28T19:46:59","date_gmt":"2018-09-28T17:46:59","guid":{"rendered":"http:\/\/www.comete31.fr\/?page_id=84"},"modified":"2024-10-29T11:11:02","modified_gmt":"2024-10-29T10:11:02","slug":"http-www-comete31-fr-wp-content-uploads-2023-12-logo-lcj-png","status":"publish","type":"page","link":"https:\/\/www.comete31.fr\/index.php\/http-www-comete31-fr-wp-content-uploads-2023-12-logo-lcj-png\/","title":{"rendered":"R\u00e9f\u00e9rences"},"content":{"rendered":"\n<p>Ils nous ont d\u00e9j\u00e0 fait confiance&#8230; A vous maintenant !<\/p>\n\n\n\n<figure class=\"wp-block-table\"><table><tbody><tr><td class=\"has-text-align-center\" data-align=\"center\">\n<p style=\"text-align: center;\"><strong>Maitre d\u2019ouvrage<\/strong><\/p>\n<\/td><td class=\"has-text-align-center\" data-align=\"center\">\n<p style=\"text-align: center;\"><strong>Type d\u2019op\u00e9rations<\/strong><\/p>\n<\/td><td class=\"has-text-align-center\" data-align=\"center\">\n<p style=\"text-align: center;\"><strong>Mission<\/strong><\/p>\n<\/td><td class=\"has-text-align-center\" data-align=\"center\">\n<p style=\"text-align: center;\"><strong>Montant des travaux HT<\/strong><\/p>\n<\/td><\/tr><tr><td class=\"has-text-align-center\" data-align=\"center\">LP PROMOTION\n<p>&nbsp;<\/p>\n<figure><img loading=\"lazy\" class=\"size-medium wp-image-87 aligncenter\" src=\"http:\/\/www.comete31.fr\/wp-content\/uploads\/2018\/09\/LP-300x60.jpg\" alt=\"\" width=\"300\" height=\"60\" srcset=\"https:\/\/www.comete31.fr\/wp-content\/uploads\/2018\/09\/LP-300x60.jpg 300w, https:\/\/www.comete31.fr\/wp-content\/uploads\/2018\/09\/LP.jpg 500w\" sizes=\"(max-width: 300px) 100vw, 300px\" \/><\/figure><p><\/p>\n<\/td><td class=\"has-text-align-center\" data-align=\"center\"> <p style=\"text-align: center;\">Construction de 36 logements <\/p><br><p style=\"text-align: center;\">\u00e0 CASTANET TOLOSAN (31)<\/p> <p style=\"text-align: center;\"><a href=\"https:\/\/youtu.be\/l4JSgGHkyYM\">https:\/\/youtu.be\/l4JSgGHkyYM<\/a><\/p> <\/td><td class=\"has-text-align-center\" data-align=\"center\">MAITRISE D&rsquo;OEUVRE D&rsquo;EXECUTION<\/td><td class=\"has-text-align-center\" data-align=\"center\">2 900 000\u20ac<\/td><\/tr><tr><td class=\"has-text-align-center\" data-align=\"center\"> BELIN PROMOTION<figure><a rel=\"attachment wp-att-153\" href=\"http:\/\/www.comete31.fr\/index.php\/references\/logo-belin\/\"><img loading=\"lazy\" class=\"aligncenter wp-image-153 \" src=\"http:\/\/www.comete31.fr\/wp-content\/uploads\/2021\/04\/logo-BELIN.jpg\" alt=\"\" width=\"132\" height=\"89\"><\/a><\/figure><p style=\"text-align: center;\"> <\/p><\/td><td class=\"has-text-align-center\" data-align=\"center\">\n<p style=\"text-align: center;\">Construction d&rsquo;un Batiment collectif de 18 logements \u00e0 TOULOUSE<strong><br><\/strong><\/p>\n<\/td><td class=\"has-text-align-center\" data-align=\"center\">\n<p style=\"text-align: center;\">MAITRISE D&rsquo;OEUVRE D&rsquo;EXECUTION<strong><br><\/strong><\/p>\n<\/td><td class=\"has-text-align-center\" data-align=\"center\">\n<p style=\"text-align: center;\">1 900 000\u20ac<\/p>\n<\/td><\/tr><tr><td class=\"has-text-align-center\" data-align=\"center\">PREMIUM PROMOTION<a href=\"http:\/\/www.comete31.fr\/index.php\/references\/logo-premium\/\" rel=\"attachment wp-att-151\"><img loading=\"lazy\" class=\"alignnone  wp-image-151\" src=\"http:\/\/www.comete31.fr\/wp-content\/uploads\/2021\/04\/logo-premium-300x101.png\" alt=\"\" width=\"189\" height=\"64\" srcset=\"https:\/\/www.comete31.fr\/wp-content\/uploads\/2021\/04\/logo-premium-300x101.png 300w, https:\/\/www.comete31.fr\/wp-content\/uploads\/2021\/04\/logo-premium.png 432w\" sizes=\"(max-width: 189px) 100vw, 189px\" \/><\/a><\/td><td class=\"has-text-align-center\" data-align=\"center\"> <p style=\"text-align: center;\">Construction de 25 logements <\/p> <p style=\"text-align: center;\">\u00e0 VILLENEUVE TOLOSANE (31)<\/p> <p style=\"text-align: center;\"><a href=\"https:\/\/youtu.be\/a6bux29CB8Q\">https:\/\/youtu.be\/a6bux29CB8Q<\/a><\/p> <\/td><td class=\"has-text-align-center\" data-align=\"center\">MAITRISE D&rsquo;OEUVRE D&rsquo;EXECUTION<\/td><td class=\"has-text-align-center\" data-align=\"center\">2 000 000\u20ac<\/td><\/tr><tr><td class=\"has-text-align-center\" data-align=\"center\">LP PROMOTION\n<p>&nbsp;<\/p>\n<figure><img loading=\"lazy\" class=\"size-medium wp-image-87 aligncenter\" src=\"http:\/\/www.comete31.fr\/wp-content\/uploads\/2018\/09\/LP-300x60.jpg\" alt=\"\" width=\"300\" height=\"60\" srcset=\"https:\/\/www.comete31.fr\/wp-content\/uploads\/2018\/09\/LP-300x60.jpg 300w, https:\/\/www.comete31.fr\/wp-content\/uploads\/2018\/09\/LP.jpg 500w\" sizes=\"(max-width: 300px) 100vw, 300px\" \/><\/figure><p><\/p>\n<\/td><td class=\"has-text-align-center\" data-align=\"center\"> <p style=\"text-align: center;\">Construction de 28 logements <\/p><br><p style=\"text-align: center;\">\u00e0 SAINT ALBAN (31)<\/p><br><p style=\"text-align: center;\"><a href=\"https:\/\/youtu.be\/7OiajUBzhHw\">https:\/\/youtu.be\/7OiajUBzhHw<\/a><\/p> <\/td><td class=\"has-text-align-center\" data-align=\"center\">MAITRISE D&rsquo;OEUVRE D&rsquo;EXECUTION<\/td><td class=\"has-text-align-center\" data-align=\"center\">2 175 000\u20ac<\/td><\/tr><tr><td class=\"has-text-align-center\" data-align=\"center\">\n<p style=\"text-align: center;\">LP PROMOTION<\/p>\n<figure><img loading=\"lazy\" class=\"size-medium wp-image-87 aligncenter\" src=\"http:\/\/www.comete31.fr\/wp-content\/uploads\/2018\/09\/LP-300x60.jpg\" alt=\"\" width=\"300\" height=\"60\" srcset=\"https:\/\/www.comete31.fr\/wp-content\/uploads\/2018\/09\/LP-300x60.jpg 300w, https:\/\/www.comete31.fr\/wp-content\/uploads\/2018\/09\/LP.jpg 500w\" sizes=\"(max-width: 300px) 100vw, 300px\" \/><\/figure><p><\/p>\n<\/td><td class=\"has-text-align-center\" data-align=\"center\">Construction de 15 villas \u00e0 BEAUZELLE<\/td><td class=\"has-text-align-center\" data-align=\"center\">MAITRISE D&rsquo;OEUVRE D&rsquo;EXECUTION<\/td><td class=\"has-text-align-center\" data-align=\"center\">1&nbsp;500&nbsp;000\u20ac<\/td><\/tr><tr><td class=\"has-text-align-center\" data-align=\"center\">\n<p style=\"text-align: center;\">LP PROMOTION<\/p>\n<figure><img loading=\"lazy\" class=\"size-medium wp-image-87 aligncenter\" src=\"http:\/\/www.comete31.fr\/wp-content\/uploads\/2018\/09\/LP-300x60.jpg\" alt=\"\" width=\"300\" height=\"60\" srcset=\"https:\/\/www.comete31.fr\/wp-content\/uploads\/2018\/09\/LP-300x60.jpg 300w, https:\/\/www.comete31.fr\/wp-content\/uploads\/2018\/09\/LP.jpg 500w\" sizes=\"(max-width: 300px) 100vw, 300px\" \/><\/figure><p><\/p>\n<\/td><td class=\"has-text-align-center\" data-align=\"center\">Construction de 23 villas <br>\u00e0 PLAISANCE DU TOUCH<\/td><td class=\"has-text-align-center\" data-align=\"center\">MAITRISE D&rsquo;OEUVRE D&rsquo;EXECUTION<\/td><td class=\"has-text-align-center\" data-align=\"center\">2&nbsp;100&nbsp;000\u20ac<\/td><\/tr><tr><td class=\"has-text-align-center\" data-align=\"center\"> <p style=\"text-align: center;\">KAUFMAN AND BROAD<\/p> <figure><img loading=\"lazy\" width=\"242\" height=\"23\" class=\"size-full wp-image-89 aligncenter\" src=\"http:\/\/www.comete31.fr\/wp-content\/uploads\/2018\/09\/KetB-1.jpg\" alt=\"\" style=\"width: 300px;\"><\/figure> <\/td><td class=\"has-text-align-center\" data-align=\"center\">Construction de 56 logements <br>\u00e0 Pibrac  <p><a href=\"https:\/\/youtu.be\/6F1zC_dWhvo\">https:\/\/youtu.be\/6F1zC_dWhvo<\/a><\/p> <\/td><td class=\"has-text-align-center\" data-align=\"center\">MAITRISE D&rsquo;OEUVRE D&rsquo;EXECUTION<\/td><td class=\"has-text-align-center\" data-align=\"center\">5&nbsp;100&nbsp;000\u20ac<\/td><\/tr><tr><td class=\"has-text-align-center\" data-align=\"center\">NACARAT PROMOTION <figure><a rel=\"attachment wp-att-138\" href=\"http:\/\/www.comete31.fr\/index.php\/references\/logo-nacarat\/\"><img loading=\"lazy\" class=\"wp-image-138 aligncenter\" src=\"http:\/\/www.comete31.fr\/wp-content\/uploads\/2020\/12\/logo-NACARAT.jpg\" alt=\"\" width=\"187\" height=\"66\"><\/a><\/figure><p style=\"text-align: center;\"><\/p><p style=\"text-align: center;\">PROMOLOGIS<\/p> <\/td><td class=\"has-text-align-center\" data-align=\"center\">Construction de 74 logements <br>\u00e0 FROUZINS <p>&nbsp;<a href=\"https:\/\/youtu.be\/gteaoz5Vmcs\">https:\/\/youtu.be\/gteaoz5Vmcs<\/a><\/p><br><a href=\"https:\/\/youtu.be\/_3OxRX_bAXc?si=XoGMkfWq9vzt3qoc\">https:\/\/youtu.be\/_3OxRX_bAXc?si=XoGMkfWq9vzt3qoc<\/a> <\/td><td class=\"has-text-align-center\" data-align=\"center\">MAITRISE D&rsquo;OEUVRE D&rsquo;EXECUTION<\/td><td class=\"has-text-align-center\" data-align=\"center\">5 117 000 \u20ac<\/td><\/tr><tr><td class=\"has-text-align-center\" data-align=\"center\">PANORAMA FONCIER<a href=\"http:\/\/www.comete31.fr\/index.php\/references\/logo-panorama-foncier\/\" rel=\"attachment wp-att-156\"><img loading=\"lazy\" class=\"wp-image-156 aligncenter\" src=\"http:\/\/www.comete31.fr\/wp-content\/uploads\/2021\/04\/logo-panorama-foncier-300x42.png\" alt=\"\" width=\"247\" height=\"35\" srcset=\"https:\/\/www.comete31.fr\/wp-content\/uploads\/2021\/04\/logo-panorama-foncier-300x42.png 300w, https:\/\/www.comete31.fr\/wp-content\/uploads\/2021\/04\/logo-panorama-foncier-768x107.png 768w, https:\/\/www.comete31.fr\/wp-content\/uploads\/2021\/04\/logo-panorama-foncier.png 850w\" sizes=\"(max-width: 247px) 100vw, 247px\" \/><\/a><\/td><td class=\"has-text-align-center\" data-align=\"center\">Construction de 13 logements collectifs \u00e0 Muret<br><a href=\"https:\/\/youtu.be\/_3OxRX_bAXc?si=XoGMkfWq9vzt3qoc\">https:\/\/youtu.be\/_3OxRX_bAXc?si=XoGMkfWq9vzt3qoc<\/a><\/td><td class=\"has-text-align-center\" data-align=\"center\">MAITRISE D&rsquo;OEUVRE D&rsquo;EXECUTION<\/td><td class=\"has-text-align-center\" data-align=\"center\">1 300 000 \u20ac<\/td><\/tr><tr><td class=\"has-text-align-center\" data-align=\"center\">EDOUARD DENIS PROMOTION<br><img loading=\"lazy\" width=\"218\" height=\"94\" class=\"wp-image-186\" style=\"width: 150px;\" src=\"http:\/\/www.comete31.fr\/wp-content\/uploads\/2021\/08\/logo-Edouard-denis.png\" alt=\"\"><\/td><td class=\"has-text-align-center\" data-align=\"center\">Construction de 77 logements \u00e0 CARBONNE<br><a href=\"https:\/\/youtu.be\/_3OxRX_bAXc?si=XoGMkfWq9vzt3qoc\">https:\/\/youtu.be\/_3OxRX_bAXc?si=XoGMkfWq9vzt3qoc<\/a><\/td><td class=\"has-text-align-center\" data-align=\"center\">MAITRISE D&rsquo;OEUVRE D&rsquo;EXECUTION<\/td><td class=\"has-text-align-center\" data-align=\"center\">5 800 000 \u20ac<\/td><\/tr><tr><td class=\"has-text-align-center\" data-align=\"center\">OPH31<br><img loading=\"lazy\" width=\"570\" height=\"121\" class=\"wp-image-227\" style=\"width: 150px;\" src=\"http:\/\/www.comete31.fr\/wp-content\/uploads\/2023\/12\/logo-OPH31.jpg\" alt=\"\" srcset=\"https:\/\/www.comete31.fr\/wp-content\/uploads\/2023\/12\/logo-OPH31.jpg 570w, https:\/\/www.comete31.fr\/wp-content\/uploads\/2023\/12\/logo-OPH31-300x64.jpg 300w\" sizes=\"(max-width: 570px) 100vw, 570px\" \/><\/td><td class=\"has-text-align-center\" data-align=\"center\">Construction d&rsquo;un immeuble de 17 logements \u00e0 LAFITTE VIGORDANE<\/td><td class=\"has-text-align-center\" data-align=\"center\">MAITRISE D&rsquo;OEUVRE D&rsquo;EXECUTION<\/td><td class=\"has-text-align-center\" data-align=\"center\">1 254 000 \u20ac<\/td><\/tr><tr><td class=\"has-text-align-center\" data-align=\"center\">LA CITE JARDINS<br><img loading=\"lazy\" width=\"194\" height=\"57\" class=\"wp-image-226\" style=\"width: 150px;\" src=\"http:\/\/www.comete31.fr\/wp-content\/uploads\/2023\/12\/logo-LCJ.png\" alt=\"\"><\/td><td class=\"has-text-align-center\" data-align=\"center\">R\u00e9novation \u00e9nerg\u00e9tique et entretien du patrimoine de 7 r\u00e9sidences occup\u00e9es situ\u00e9es \u00e0 BEAUCHALOT, POINTIS INARD, ROUEDE, BOULOGNE SUR GESSE, CAZERES, RIEUMES<\/td><td class=\"has-text-align-center\" data-align=\"center\">MAITRISE D&rsquo;OEUVRE D&rsquo;EXECUTION<\/td><td class=\"has-text-align-center\" data-align=\"center\">2 000 000 \u20ac<\/td><\/tr><tr><td class=\"has-text-align-center\" data-align=\"center\">LA CITE JARDINS<br><img src=\"http:\/\/www.comete31.fr\/wp-content\/uploads\/2023\/12\/logo-LCJ.png\" alt=\"\"><\/td><td class=\"has-text-align-center\" data-align=\"center\">R\u00e9novation \u00e9nerg\u00e9tique et entretien du patrimoine de 20 r\u00e9sidences occup\u00e9es situ\u00e9es \u00e0 REVEL, CARAMAN, ROUEDE, MONTASTRUC DE SALIES, MONTGEARD, MONTGISCARD, LABEGE, CASTANET TOLOSAN, TOULOUSE, SAINT ALBAN, MARIGNAC<\/td><td class=\"has-text-align-center\" data-align=\"center\">MAITRISE D&rsquo;OEUVRE D&rsquo;EXECUTION<\/td><td class=\"has-text-align-center\" data-align=\"center\">2 500 000 \u20ac<\/td><\/tr><\/tbody><\/table><\/figure>\n\n\n\n<p><\/p>\n\n\n\n<p><\/p>\n","protected":false},"excerpt":{"rendered":"<p>Ils nous ont d\u00e9j\u00e0 fait confiance&#8230; A vous maintenant ! Maitre d\u2019ouvrage Type d\u2019op\u00e9rations Mission Montant des travaux HT LP PROMOTION &nbsp; Construction de 36 logements \u00e0 CASTANET TOLOSAN (31) &#8230;<\/p>\n","protected":false},"author":1,"featured_media":0,"parent":0,"menu_order":0,"comment_status":"closed","ping_status":"closed","template":"","meta":[],"_links":{"self":[{"href":"https:\/\/www.comete31.fr\/index.php\/wp-json\/wp\/v2\/pages\/84"}],"collection":[{"href":"https:\/\/www.comete31.fr\/index.php\/wp-json\/wp\/v2\/pages"}],"about":[{"href":"https:\/\/www.comete31.fr\/index.php\/wp-json\/wp\/v2\/types\/page"}],"author":[{"embeddable":true,"href":"https:\/\/www.comete31.fr\/index.php\/wp-json\/wp\/v2\/users\/1"}],"replies":[{"embeddable":true,"href":"https:\/\/www.comete31.fr\/index.php\/wp-json\/wp\/v2\/comments?post=84"}],"version-history":[{"count":42,"href":"https:\/\/www.comete31.fr\/index.php\/wp-json\/wp\/v2\/pages\/84\/revisions"}],"predecessor-version":[{"id":238,"href":"https:\/\/www.comete31.fr\/index.php\/wp-json\/wp\/v2\/pages\/84\/revisions\/238"}],"wp:attachment":[{"href":"https:\/\/www.comete31.fr\/index.php\/wp-json\/wp\/v2\/media?parent=84"}],"curies":[{"name":"wp","href":"https:\/\/api.w.org\/{rel}","templated":true}]}}