{"id":23,"date":"2018-02-27T09:18:39","date_gmt":"2018-02-27T08:18:39","guid":{"rendered":"http:\/\/www.comete31.fr\/?page_id=23"},"modified":"2018-02-27T10:05:46","modified_gmt":"2018-02-27T09:05:46","slug":"assistance-a-maitrise-douvrage","status":"publish","type":"page","link":"https:\/\/www.comete31.fr\/index.php\/assistance-a-maitrise-douvrage\/","title":{"rendered":"Assistance \u00e0 maitrise d\u2019ouvrage"},"content":{"rendered":"<p>L\u2019assistance \u00e0 maitrise d\u2019ouvrage consiste, en amont, ou tout au long de l\u2019op\u00e9ration, \u00e0\u00a0:<\/p>\n<ul>\n<li>Accompagner le maitre d\u2019ouvrage dans la d\u00e9finition du cadre du projet<\/li>\n<li>Assister le maitre d\u2019ouvrage dans les diverses d\u00e9marches administratives et financi\u00e8res pour concr\u00e9tiser le projet<\/li>\n<li>Accompagner le maitre d\u2019ouvrage dans la strat\u00e9gie commerciale ou fonctionnelle de l\u2019ouvrage.<\/li>\n<li>Accompagner le maitre d\u2019ouvrage dans le choix de l\u2019\u00e9quipe de conception<\/li>\n<li>Assister le maitre d\u2019ouvrage dans la phase de conception et d\u2019ex\u00e9cution<\/li>\n<li>Assister le maitre d\u2019ouvrage dans les op\u00e9rations de livraison.<\/li>\n<li>Assister le maitre d\u2019ouvrage pour les diff\u00e9rentes d\u00e9marches li\u00e9es \u00e0 la transmission de l\u2019ouvrage ex\u00e9cut\u00e9.<\/li>\n<li>Assister le maitre d\u2019ouvrage dans la garantie du bon fonctionnement de l\u2019ouvrage ex\u00e9cut\u00e9.<\/li>\n<\/ul>\n","protected":false},"excerpt":{"rendered":"<p>L\u2019assistance \u00e0 maitrise d\u2019ouvrage consiste, en amont, ou tout au long de l\u2019op\u00e9ration, \u00e0\u00a0: Accompagner le maitre d\u2019ouvrage dans la d\u00e9finition du cadre du projet Assister le maitre d\u2019ouvrage dans &#8230;<\/p>\n","protected":false},"author":1,"featured_media":65,"parent":0,"menu_order":0,"comment_status":"closed","ping_status":"closed","template":"","meta":[],"_links":{"self":[{"href":"https:\/\/www.comete31.fr\/index.php\/wp-json\/wp\/v2\/pages\/23"}],"collection":[{"href":"https:\/\/www.comete31.fr\/index.php\/wp-json\/wp\/v2\/pages"}],"about":[{"href":"https:\/\/www.comete31.fr\/index.php\/wp-json\/wp\/v2\/types\/page"}],"author":[{"embeddable":true,"href":"https:\/\/www.comete31.fr\/index.php\/wp-json\/wp\/v2\/users\/1"}],"replies":[{"embeddable":true,"href":"https:\/\/www.comete31.fr\/index.php\/wp-json\/wp\/v2\/comments?post=23"}],"version-history":[{"count":1,"href":"https:\/\/www.comete31.fr\/index.php\/wp-json\/wp\/v2\/pages\/23\/revisions"}],"predecessor-version":[{"id":24,"href":"https:\/\/www.comete31.fr\/index.php\/wp-json\/wp\/v2\/pages\/23\/revisions\/24"}],"wp:featuredmedia":[{"embeddable":true,"href":"https:\/\/www.comete31.fr\/index.php\/wp-json\/wp\/v2\/media\/65"}],"wp:attachment":[{"href":"https:\/\/www.comete31.fr\/index.php\/wp-json\/wp\/v2\/media?parent=23"}],"curies":[{"name":"wp","href":"https:\/\/api.w.org\/{rel}","templated":true}]}}