{"id":210,"date":"2023-07-12T15:34:49","date_gmt":"2023-07-12T13:34:49","guid":{"rendered":"http:\/\/www.comete31.fr\/?page_id=210"},"modified":"2023-07-12T15:34:50","modified_gmt":"2023-07-12T13:34:50","slug":"projets-pour-clients-particuliers","status":"publish","type":"page","link":"https:\/\/www.comete31.fr\/index.php\/projets-pour-clients-particuliers\/","title":{"rendered":"Projets pour clients particuliers"},"content":{"rendered":"\n<p>Les comp\u00e9tences de maitrise d&rsquo;\u0153uvre peuvent se transposer dans la conception de projets pour des particuliers, notamment de l&rsquo;am\u00e9nagement int\u00e9rieur, des travaux de r\u00e9novation, des divisions de maisons existantes, des extensions.. <\/p>\n\n\n\n<p>Nous avons la possibilit\u00e9 de faire des rendus de plans en 3D, des descriptifs sommaires de travaux \u00e0 r\u00e9aliser, de faire chiffrer les projets, de suivre les travaux etc.. <\/p>\n\n\n\n<p>Toutes ces missions peuvent \u00eatre \u00e0 la carte.. <\/p>\n\n\n\n<p>Nous vous accompagnons dans toutes vos r\u00e9flexions et projets modificatifs !<\/p>\n\n\n\n<figure class=\"wp-block-image size-large\"><img loading=\"lazy\" width=\"1013\" height=\"722\" src=\"http:\/\/www.comete31.fr\/wp-content\/uploads\/2023\/07\/ensemble.jpg\" alt=\"\" class=\"wp-image-211\" srcset=\"https:\/\/www.comete31.fr\/wp-content\/uploads\/2023\/07\/ensemble.jpg 1013w, https:\/\/www.comete31.fr\/wp-content\/uploads\/2023\/07\/ensemble-300x214.jpg 300w, https:\/\/www.comete31.fr\/wp-content\/uploads\/2023\/07\/ensemble-768x547.jpg 768w\" sizes=\"(max-width: 1013px) 100vw, 1013px\" \/><\/figure>\n\n\n\n<figure class=\"wp-block-image size-large\"><img loading=\"lazy\" width=\"661\" height=\"541\" src=\"http:\/\/www.comete31.fr\/wp-content\/uploads\/2023\/07\/SAM-1.jpg\" alt=\"\" class=\"wp-image-212\" srcset=\"https:\/\/www.comete31.fr\/wp-content\/uploads\/2023\/07\/SAM-1.jpg 661w, https:\/\/www.comete31.fr\/wp-content\/uploads\/2023\/07\/SAM-1-300x246.jpg 300w\" sizes=\"(max-width: 661px) 100vw, 661px\" \/><\/figure>\n\n\n\n<figure class=\"wp-block-image size-large\"><img loading=\"lazy\" width=\"440\" height=\"537\" src=\"http:\/\/www.comete31.fr\/wp-content\/uploads\/2023\/07\/SAM-2.jpg\" alt=\"\" class=\"wp-image-213\" srcset=\"https:\/\/www.comete31.fr\/wp-content\/uploads\/2023\/07\/SAM-2.jpg 440w, https:\/\/www.comete31.fr\/wp-content\/uploads\/2023\/07\/SAM-2-246x300.jpg 246w\" sizes=\"(max-width: 440px) 100vw, 440px\" \/><\/figure>\n\n\n\n<figure class=\"wp-block-image size-large\"><img loading=\"lazy\" width=\"1024\" height=\"680\" src=\"http:\/\/www.comete31.fr\/wp-content\/uploads\/2023\/07\/pers-bureaux-1024x680.jpg\" alt=\"\" class=\"wp-image-214\" srcset=\"https:\/\/www.comete31.fr\/wp-content\/uploads\/2023\/07\/pers-bureaux-1024x680.jpg 1024w, https:\/\/www.comete31.fr\/wp-content\/uploads\/2023\/07\/pers-bureaux-300x199.jpg 300w, https:\/\/www.comete31.fr\/wp-content\/uploads\/2023\/07\/pers-bureaux-768x510.jpg 768w, https:\/\/www.comete31.fr\/wp-content\/uploads\/2023\/07\/pers-bureaux.jpg 1170w\" sizes=\"(max-width: 1024px) 100vw, 1024px\" \/><\/figure>\n\n\n\n<figure class=\"wp-block-image size-large\"><img loading=\"lazy\" width=\"972\" height=\"632\" src=\"http:\/\/www.comete31.fr\/wp-content\/uploads\/2023\/07\/broc-1.jpg\" alt=\"\" class=\"wp-image-215\" srcset=\"https:\/\/www.comete31.fr\/wp-content\/uploads\/2023\/07\/broc-1.jpg 972w, https:\/\/www.comete31.fr\/wp-content\/uploads\/2023\/07\/broc-1-300x195.jpg 300w, https:\/\/www.comete31.fr\/wp-content\/uploads\/2023\/07\/broc-1-768x499.jpg 768w\" sizes=\"(max-width: 972px) 100vw, 972px\" \/><\/figure>\n\n\n\n<figure class=\"wp-block-image size-large\"><img loading=\"lazy\" width=\"1024\" height=\"626\" src=\"http:\/\/www.comete31.fr\/wp-content\/uploads\/2023\/07\/broc-2-1024x626.jpg\" alt=\"\" class=\"wp-image-216\" srcset=\"https:\/\/www.comete31.fr\/wp-content\/uploads\/2023\/07\/broc-2-1024x626.jpg 1024w, https:\/\/www.comete31.fr\/wp-content\/uploads\/2023\/07\/broc-2-300x183.jpg 300w, https:\/\/www.comete31.fr\/wp-content\/uploads\/2023\/07\/broc-2-768x469.jpg 768w, https:\/\/www.comete31.fr\/wp-content\/uploads\/2023\/07\/broc-2.jpg 1137w\" sizes=\"(max-width: 1024px) 100vw, 1024px\" \/><\/figure>\n\n\n\n<figure class=\"wp-block-image size-large\"><img loading=\"lazy\" width=\"1024\" height=\"458\" src=\"http:\/\/www.comete31.fr\/wp-content\/uploads\/2023\/07\/broc-3-1024x458.jpg\" alt=\"\" class=\"wp-image-217\" srcset=\"https:\/\/www.comete31.fr\/wp-content\/uploads\/2023\/07\/broc-3-1024x458.jpg 1024w, https:\/\/www.comete31.fr\/wp-content\/uploads\/2023\/07\/broc-3-300x134.jpg 300w, https:\/\/www.comete31.fr\/wp-content\/uploads\/2023\/07\/broc-3-768x344.jpg 768w, https:\/\/www.comete31.fr\/wp-content\/uploads\/2023\/07\/broc-3.jpg 1091w\" sizes=\"(max-width: 1024px) 100vw, 1024px\" \/><\/figure>\n","protected":false},"excerpt":{"rendered":"<p>Les comp\u00e9tences de maitrise d&rsquo;\u0153uvre peuvent se transposer dans la conception de projets pour des particuliers, notamment de l&rsquo;am\u00e9nagement int\u00e9rieur, des travaux de r\u00e9novation, des divisions de maisons existantes, des &#8230;<\/p>\n","protected":false},"author":1,"featured_media":0,"parent":0,"menu_order":0,"comment_status":"closed","ping_status":"closed","template":"","meta":[],"_links":{"self":[{"href":"https:\/\/www.comete31.fr\/index.php\/wp-json\/wp\/v2\/pages\/210"}],"collection":[{"href":"https:\/\/www.comete31.fr\/index.php\/wp-json\/wp\/v2\/pages"}],"about":[{"href":"https:\/\/www.comete31.fr\/index.php\/wp-json\/wp\/v2\/types\/page"}],"author":[{"embeddable":true,"href":"https:\/\/www.comete31.fr\/index.php\/wp-json\/wp\/v2\/users\/1"}],"replies":[{"embeddable":true,"href":"https:\/\/www.comete31.fr\/index.php\/wp-json\/wp\/v2\/comments?post=210"}],"version-history":[{"count":3,"href":"https:\/\/www.comete31.fr\/index.php\/wp-json\/wp\/v2\/pages\/210\/revisions"}],"predecessor-version":[{"id":220,"href":"https:\/\/www.comete31.fr\/index.php\/wp-json\/wp\/v2\/pages\/210\/revisions\/220"}],"wp:attachment":[{"href":"https:\/\/www.comete31.fr\/index.php\/wp-json\/wp\/v2\/media?parent=210"}],"curies":[{"name":"wp","href":"https:\/\/api.w.org\/{rel}","templated":true}]}}