{"id":2,"date":"2018-02-26T20:09:17","date_gmt":"2018-02-26T19:09:17","guid":{"rendered":"http:\/\/www.comete31.fr\/?page_id=2"},"modified":"2023-07-12T15:47:29","modified_gmt":"2023-07-12T13:47:29","slug":"page-d-exemple","status":"publish","type":"page","link":"https:\/\/www.comete31.fr\/","title":{"rendered":"Accueil"},"content":{"rendered":"<div class=\"entry-content\">\n<h1><span style=\"color: #000000;\">LANCEZ VOS PROJETS !!<\/span><\/h1>\n<p>La construction est une passion mais c\u2019est aussi une aventure..<\/p>\n<p>CONSTRUIRE est un acte merveilleux qui concr\u00e9tise les projets. Cependant, cela n\u00e9cessite un d\u00e9ploiement important d\u2019\u00e9nergies diverses, les \u00e9quipes de conception sont maintenant aussi nombreuses que les \u00e9quipes productives afin de r\u00e9pondre \u00e0 toutes les contraintes normatives sp\u00e9cifiques \u00e0 la destination des projets. Notamment : les normes concernant la structure, les r\u00e9glementations incendie, les lois concernant les personnes \u00e0 mobilit\u00e9 r\u00e9duite, les certifications qualit\u00e9, les chartes de qualit\u00e9 environnementale, les r\u00e9glementations thermiques, les raccordements aux diverses \u00e9nergies..<\/p>\n<p>Pour le respect de toutes ces sp\u00e9cificit\u00e9s, le ma\u00eetre d\u2019ouvrage fait appel \u00e0 l\u2019expertise des sp\u00e9cialistes et constitue, autour de l\u2019architecte, l\u2019\u00e9quipe de CONCEPTION de son projet.<\/p>\n<p>D\u00e9marre ainsi le processus de gen\u00e8se du projet et les diverses \u00e9tapes qui le constituent, (ces phases sont bien explicit\u00e9es dans la loi MOP qui r\u00e9git les relations entre la ma\u00eetrise d\u2019ouvrage publique et la ma\u00eetrise d\u2019\u0153uvre priv\u00e9e), voici <a href=\"https:\/\/www.legifrance.gouv.fr\/affichTexte.do?cidTexte=JORFTEXT000000693683\" target=\"_blank\" rel=\"noopener\">un r\u00e9sum\u00e9 des \u00e9tapes et un lien<\/a> pour ceux qui voudraient un peu de lecture l\u00e9gislative\u2026.<\/p>\n<\/div>\n<p>Alors passez \u00e0 l&rsquo;action et n&rsquo;h\u00e9sitez plus: LANCEZ VOS PROJETS !!<\/p>\n","protected":false},"excerpt":{"rendered":"<p>LANCEZ VOS PROJETS !! La construction est une passion mais c\u2019est aussi une aventure.. CONSTRUIRE est un acte merveilleux qui concr\u00e9tise les projets. Cependant, cela n\u00e9cessite un d\u00e9ploiement important d\u2019\u00e9nergies &#8230;<\/p>\n","protected":false},"author":1,"featured_media":54,"parent":0,"menu_order":0,"comment_status":"closed","ping_status":"open","template":"","meta":[],"_links":{"self":[{"href":"https:\/\/www.comete31.fr\/index.php\/wp-json\/wp\/v2\/pages\/2"}],"collection":[{"href":"https:\/\/www.comete31.fr\/index.php\/wp-json\/wp\/v2\/pages"}],"about":[{"href":"https:\/\/www.comete31.fr\/index.php\/wp-json\/wp\/v2\/types\/page"}],"author":[{"embeddable":true,"href":"https:\/\/www.comete31.fr\/index.php\/wp-json\/wp\/v2\/users\/1"}],"replies":[{"embeddable":true,"href":"https:\/\/www.comete31.fr\/index.php\/wp-json\/wp\/v2\/comments?post=2"}],"version-history":[{"count":11,"href":"https:\/\/www.comete31.fr\/index.php\/wp-json\/wp\/v2\/pages\/2\/revisions"}],"predecessor-version":[{"id":103,"href":"https:\/\/www.comete31.fr\/index.php\/wp-json\/wp\/v2\/pages\/2\/revisions\/103"}],"wp:featuredmedia":[{"embeddable":true,"href":"https:\/\/www.comete31.fr\/index.php\/wp-json\/wp\/v2\/media\/54"}],"wp:attachment":[{"href":"https:\/\/www.comete31.fr\/index.php\/wp-json\/wp\/v2\/media?parent=2"}],"curies":[{"name":"wp","href":"https:\/\/api.w.org\/{rel}","templated":true}]}}