{"id":174,"date":"2021-08-18T11:15:51","date_gmt":"2021-08-18T09:15:51","guid":{"rendered":"http:\/\/www.comete31.fr\/?page_id=174"},"modified":"2025-02-13T10:47:52","modified_gmt":"2025-02-13T09:47:52","slug":"recrutement","status":"publish","type":"page","link":"https:\/\/www.comete31.fr\/index.php\/recrutement\/","title":{"rendered":"EXPERTISES"},"content":{"rendered":"\n<p>Fort de 20 ans d&rsquo;exp\u00e9rience en ma\u00eetrise d&rsquo;oeuvre, qu&rsquo;il s&rsquo;agisse de construction d&rsquo;immeubles neufs ou de r\u00e9novation de b\u00e2timents existants, nous proposons nos services en expertise de b\u00e2timent.<\/p>\n\n\n\n<p>Les services propos\u00e9s peuvent concerner:<\/p>\n\n\n\n<ul><li> la r\u00e9alisation d&rsquo;audits techniques suite \u00e0 divers conflits ou sinistres.<\/li><li>des recherches de fuite<\/li><li>des diagnostics li\u00e9s \u00e0 des pathologies visibles sur les b\u00e2timents<\/li><li>des accompagnements en r\u00e9solution de conflits amiables<\/li><li>des accompagnements lors de r\u00e9unions d&rsquo;expertises d&rsquo;assurance<\/li><li>des expertises d&rsquo;assur\u00e9s<\/li><li>des expertises d&rsquo;assurance<\/li><li>des expertises amiables<\/li><\/ul>\n\n\n\n<p>Nous sommes \u00e9quip\u00e9s de divers mat\u00e9riels permettant de r\u00e9aliser l&rsquo;ensemble de ces diagnostics, n&rsquo;h\u00e9sitez pas \u00e0 nous contacter !<\/p>\n\n\n\n<p><a href=\"http:\/\/www.comete31.fr\/wp-content\/uploads\/2021\/09\/Offre-conduc-CDD.pdf\">.<\/a><\/p>\n","protected":false},"excerpt":{"rendered":"<p>Fort de 20 ans d&rsquo;exp\u00e9rience en ma\u00eetrise d&rsquo;oeuvre, qu&rsquo;il s&rsquo;agisse de construction d&rsquo;immeubles neufs ou de r\u00e9novation de b\u00e2timents existants, nous proposons nos services en expertise de b\u00e2timent. Les services &#8230;<\/p>\n","protected":false},"author":1,"featured_media":0,"parent":0,"menu_order":0,"comment_status":"closed","ping_status":"closed","template":"","meta":[],"_links":{"self":[{"href":"https:\/\/www.comete31.fr\/index.php\/wp-json\/wp\/v2\/pages\/174"}],"collection":[{"href":"https:\/\/www.comete31.fr\/index.php\/wp-json\/wp\/v2\/pages"}],"about":[{"href":"https:\/\/www.comete31.fr\/index.php\/wp-json\/wp\/v2\/types\/page"}],"author":[{"embeddable":true,"href":"https:\/\/www.comete31.fr\/index.php\/wp-json\/wp\/v2\/users\/1"}],"replies":[{"embeddable":true,"href":"https:\/\/www.comete31.fr\/index.php\/wp-json\/wp\/v2\/comments?post=174"}],"version-history":[{"count":11,"href":"https:\/\/www.comete31.fr\/index.php\/wp-json\/wp\/v2\/pages\/174\/revisions"}],"predecessor-version":[{"id":244,"href":"https:\/\/www.comete31.fr\/index.php\/wp-json\/wp\/v2\/pages\/174\/revisions\/244"}],"wp:attachment":[{"href":"https:\/\/www.comete31.fr\/index.php\/wp-json\/wp\/v2\/media?parent=174"}],"curies":[{"name":"wp","href":"https:\/\/api.w.org\/{rel}","templated":true}]}}